{"id":5,"date":"2017-05-10T08:57:34","date_gmt":"2017-05-10T06:57:34","guid":{"rendered":"http:\/\/www.diflex.se\/inbjudan\/?page_id=5"},"modified":"2025-01-07T11:43:05","modified_gmt":"2025-01-07T10:43:05","slug":"inbjudan","status":"publish","type":"page","link":"https:\/\/www.diflex.se\/inbjudan\/","title":{"rendered":""},"content":{"rendered":"<p><img loading=\"lazy\" decoding=\"async\" width=\"510\" height=\"308\" class=\"alignnone size-medium wp-image-78 aligncenter\" src=\"http:\/\/www.diflex.se\/inbjudan\/wp-content\/uploads\/2017\/05\/Diflex-inbjudan.jpg\" alt=\"\" srcset=\"https:\/\/www.diflex.se\/inbjudan\/wp-content\/uploads\/2017\/05\/Diflex-inbjudan.jpg 510w, https:\/\/www.diflex.se\/inbjudan\/wp-content\/uploads\/2017\/05\/Diflex-inbjudan-300x181.jpg 300w\" sizes=\"auto, (max-width: 510px) 85vw, 510px\" \/><!--<strong>Tack f\u00f6r att ni kom!<\/strong>--><\/p>\n<div><strong><span style=\"font-family: 'Open Sans'; font-size: 20px;\" data-olk-copy-source=\"MessageBody\">Nytt \u00e5r \u2013 Nya m\u00f6jligheter \u2013 S\u00e4kerheten i fokus!<\/span><\/strong><\/div>\n<table class=\"x_MsoNormalTable\" style=\"height: 297px;\" border=\"0\" width=\"464\" cellspacing=\"0\" cellpadding=\"0\">\n<tbody>\n<tr>\n<td valign=\"top\" width=\"340\">\n<p class=\"x_MsoNormal\"><span style=\"font-family: 'Open Sans';\" data-olk-copy-source=\"MessageBody\">IT-s\u00e4kerheten \u00e4r under hot och de kommer nya skydd f\u00f6r att h\u00f6ja motst\u00e5ndskraften.<\/span><\/p>\n<p class=\"x_MsoNormal\" style=\"text-align: left;\"><span style=\"font-family: 'Open Sans';\">Vi vill bjuda in ert till ett s\u00e4kerhetsevent d\u00e4r v\u00e5r nya leverant\u00f6r RocketCyber presenterar v\u00e5r SOC-tj\u00e4nst.<\/span><\/p>\n<p><span style=\"font-family: 'Open Sans';\">Diflex SOC \u00e4r en s\u00e4kerhetstj\u00e4nst som \u00f6vervakar er<\/span><br \/><span style=\"font-family: 'Open Sans';\">IT-milj\u00f6 och agerar p\u00e5 minsta tecken p\u00e5 intr\u00e5ng.<\/span><\/p>\n<\/td>\n<td valign=\"top\" width=\"287\">\n<p class=\"x_MsoNormal\"><span style=\"font-family: 'Open Sans';\"><img loading=\"lazy\" decoding=\"async\" class=\"alignnone  wp-image-404\" src=\"http:\/\/www.diflex.se\/inbjudan\/wp-content\/uploads\/2025\/01\/rs-300x300.png\" alt=\"\" width=\"243\" height=\"243\" srcset=\"https:\/\/www.diflex.se\/inbjudan\/wp-content\/uploads\/2025\/01\/rs-300x300.png 300w, https:\/\/www.diflex.se\/inbjudan\/wp-content\/uploads\/2025\/01\/rs-150x150.png 150w, https:\/\/www.diflex.se\/inbjudan\/wp-content\/uploads\/2025\/01\/rs.png 400w\" sizes=\"auto, (max-width: 243px) 85vw, 243px\" \/><\/span><\/p>\n<\/td>\n<\/tr>\n<\/tbody>\n<\/table>\n<p><b style=\"font-family: 'Open Sans';\">\u00c4ngelholm \u2013 Fysiskt eller Digitalt<br \/><\/b><b style=\"font-family: 'Open Sans';\">Torsdagen den 23 januari.<br \/><\/b><span style=\"font-family: 'Open Sans';\">07.45-08.00: Diflex bjuder p\u00e5 frukost.<br \/><\/span><span style=\"font-family: 'Open Sans';\">08.00-08.20: Diflex ber\u00e4ttar om v\u00e5ra s\u00e4kerhetsrekommendationer.<br \/><\/span><span style=\"font-family: 'Open Sans';\">08.20-08.40: RocketCyber ber\u00e4ttar om v\u00e5r SOC-tj\u00e4nst.<br \/><\/span><span style=\"font-family: 'Open Sans';\">08.40-09.00: Fr\u00e5gor och svar och avslut.<\/span><\/p>\n<p class=\"x_MsoNormal\"><span style=\"font-family: 'Open Sans';\"><b>G\u00f6teborg \u2013 Enbart fysiskt<br \/><\/b><\/span><span style=\"font-family: 'Open Sans';\"><b>Fredagen den 24 januari<br \/><\/b><\/span><span style=\"font-family: 'Open Sans';\">11.30-12.20: Lunchmingel, Diflex bjuder p\u00e5 en enklare lunch och visar v\u00e5ra nya lokaler.<br \/><\/span><span style=\"font-family: 'Open Sans';\">12.20-12.40: Diflex ber\u00e4ttar om v\u00e5ra s\u00e4kerhetsrekommendationer.<br \/><\/span><span style=\"font-family: 'Open Sans';\">12.40-13.00: RocketCyber ber\u00e4ttar om v\u00e5r SOC-tj\u00e4nst<br \/><\/span><span style=\"font-family: 'Open Sans';\">13.00: Fr\u00e5gor och svar och avslut.<\/span><\/p>\n<p class=\"x_MsoNormal\"><span style=\"font-family: 'Open Sans';\" data-olk-copy-source=\"MessageBody\">Anm\u00e4l ert deltagande senaste den 19 januari.<br \/><\/span><strong><span style=\"font-size: 16px;\"><em><span style=\"font-family: 'Open Sans';\" data-olk-copy-source=\"MessageBody\">Varmt v\u00e4lkommen!<\/span><\/em><\/span><\/strong><\/p>\n\n\n<div class=\"wp-block-contact-form-7-contact-form-selector\">\n<div class=\"wpcf7 no-js\" id=\"wpcf7-f261-o1\" lang=\"sv-SE\" dir=\"ltr\" data-wpcf7-id=\"261\">\n<div class=\"screen-reader-response\"><p role=\"status\" aria-live=\"polite\" aria-atomic=\"true\"><\/p> <ul><\/ul><\/div>\n<form action=\"\/inbjudan\/wp-json\/wp\/v2\/pages\/5#wpcf7-f261-o1\" method=\"post\" class=\"wpcf7-form init\" aria-label=\"Kontaktformul\u00e4r\" novalidate=\"novalidate\" data-status=\"init\">\n<fieldset class=\"hidden-fields-container\"><input type=\"hidden\" name=\"_wpcf7\" value=\"261\" \/><input type=\"hidden\" name=\"_wpcf7_version\" value=\"6.1.5\" \/><input type=\"hidden\" name=\"_wpcf7_locale\" value=\"sv_SE\" \/><input type=\"hidden\" name=\"_wpcf7_unit_tag\" value=\"wpcf7-f261-o1\" \/><input type=\"hidden\" name=\"_wpcf7_container_post\" value=\"0\" \/><input type=\"hidden\" name=\"_wpcf7_posted_data_hash\" value=\"\" \/><input type=\"hidden\" name=\"_wpcf7cf_hidden_group_fields\" value=\"[]\" \/><input type=\"hidden\" name=\"_wpcf7cf_hidden_groups\" value=\"[]\" \/><input type=\"hidden\" name=\"_wpcf7cf_visible_groups\" value=\"[]\" \/><input type=\"hidden\" name=\"_wpcf7cf_repeaters\" value=\"[]\" \/><input type=\"hidden\" name=\"_wpcf7cf_steps\" value=\"{}\" \/><input type=\"hidden\" name=\"_wpcf7cf_options\" value=\"{&quot;form_id&quot;:261,&quot;conditions&quot;:[{&quot;then_field&quot;:&quot;angelholm&quot;,&quot;and_rules&quot;:[{&quot;if_field&quot;:&quot;location&quot;,&quot;operator&quot;:&quot;equals&quot;,&quot;if_value&quot;:&quot;\\u00c4ngelholm&quot;}]}],&quot;settings&quot;:{&quot;animation&quot;:&quot;yes&quot;,&quot;animation_intime&quot;:200,&quot;animation_outtime&quot;:200,&quot;conditions_ui&quot;:&quot;normal&quot;,&quot;notice_dismissed&quot;:false}}\" \/>\n<\/fieldset>\n<p><label>Namn<br \/>\n<span class=\"wpcf7-form-control-wrap\" data-name=\"your-name\"><input size=\"40\" maxlength=\"400\" class=\"wpcf7-form-control wpcf7-text wpcf7-validates-as-required\" aria-required=\"true\" aria-invalid=\"false\" value=\"\" type=\"text\" name=\"your-name\" \/><\/span> <\/label>\n<\/p>\n<p><label>E-post<br \/>\n<span class=\"wpcf7-form-control-wrap\" data-name=\"your-email\"><input size=\"40\" maxlength=\"400\" class=\"wpcf7-form-control wpcf7-email wpcf7-validates-as-required wpcf7-text wpcf7-validates-as-email\" aria-required=\"true\" aria-invalid=\"false\" value=\"\" type=\"email\" name=\"your-email\" \/><\/span> <\/label>\n<\/p>\n<p>Kommer att n\u00e4rvara..<br \/>\n<span class=\"wpcf7-form-control-wrap\" data-name=\"location\"><span class=\"wpcf7-form-control wpcf7-radio\"><span class=\"wpcf7-list-item first\"><label><input type=\"radio\" name=\"location\" value=\"\u00c4ngelholm\" \/><span class=\"wpcf7-list-item-label\">\u00c4ngelholm<\/span><\/label><\/span><span class=\"wpcf7-list-item last\"><label><input type=\"radio\" name=\"location\" value=\"G\u00f6teborg\" \/><span class=\"wpcf7-list-item-label\">G\u00f6teborg<\/span><\/label><\/span><\/span><\/span>\n<\/p>\n<div data-id=\"angelholm\" data-orig_data_id=\"angelholm\"  data-class=\"wpcf7cf_group\">\n\t<p>Fysiskt eller digitalt?<br \/>\n<span class=\"wpcf7-form-control-wrap\" data-name=\"fd\"><span class=\"wpcf7-form-control wpcf7-radio\"><span class=\"wpcf7-list-item first\"><label><input type=\"radio\" name=\"fd\" value=\"Fysiskt\" \/><span class=\"wpcf7-list-item-label\">Fysiskt<\/span><\/label><\/span><span class=\"wpcf7-list-item last\"><label><input type=\"radio\" name=\"fd\" value=\"Digitalt (Teams)\" \/><span class=\"wpcf7-list-item-label\">Digitalt (Teams)<\/span><\/label><\/span><\/span><\/span>\n\t<\/p>\n<\/div>\n<p><label> Allergier \/ kommentar<br \/>\n<span class=\"wpcf7-form-control-wrap\" data-name=\"kommentar\"><textarea cols=\"40\" rows=\"10\" maxlength=\"150\" class=\"wpcf7-form-control wpcf7-textarea\" aria-invalid=\"false\" name=\"kommentar\"><\/textarea><\/span><\/label>\n<\/p>\n<p><input class=\"wpcf7-form-control wpcf7-submit has-spinner\" type=\"submit\" value=\"Skicka\" \/>\n<\/p><div class=\"wpcf7-response-output\" aria-hidden=\"true\"><\/div>\n<\/form>\n<\/div>\n<\/div>\n","protected":false},"excerpt":{"rendered":"<p>Nytt \u00e5r \u2013 Nya m\u00f6jligheter \u2013 S\u00e4kerheten i fokus! IT-s\u00e4kerheten \u00e4r under hot och de kommer nya skydd f\u00f6r att h\u00f6ja motst\u00e5ndskraften. Vi vill bjuda in ert till ett s\u00e4kerhetsevent d\u00e4r v\u00e5r nya leverant\u00f6r RocketCyber presenterar v\u00e5r SOC-tj\u00e4nst. Diflex SOC \u00e4r en s\u00e4kerhetstj\u00e4nst som \u00f6vervakar erIT-milj\u00f6 och agerar p\u00e5 minsta tecken p\u00e5 intr\u00e5ng. \u00c4ngelholm \u2013 &hellip; <a href=\"https:\/\/www.diflex.se\/inbjudan\/\" class=\"more-link\">Forts\u00e4tt l\u00e4sa<span class=\"screen-reader-text\"> \u201d\u201d<\/span><\/a><\/p>\n","protected":false},"author":1,"featured_media":0,"parent":0,"menu_order":0,"comment_status":"closed","ping_status":"closed","template":"","meta":{"footnotes":""},"class_list":["post-5","page","type-page","status-publish","hentry"],"_links":{"self":[{"href":"https:\/\/www.diflex.se\/inbjudan\/wp-json\/wp\/v2\/pages\/5","targetHints":{"allow":["GET"]}}],"collection":[{"href":"https:\/\/www.diflex.se\/inbjudan\/wp-json\/wp\/v2\/pages"}],"about":[{"href":"https:\/\/www.diflex.se\/inbjudan\/wp-json\/wp\/v2\/types\/page"}],"author":[{"embeddable":true,"href":"https:\/\/www.diflex.se\/inbjudan\/wp-json\/wp\/v2\/users\/1"}],"replies":[{"embeddable":true,"href":"https:\/\/www.diflex.se\/inbjudan\/wp-json\/wp\/v2\/comments?post=5"}],"version-history":[{"count":81,"href":"https:\/\/www.diflex.se\/inbjudan\/wp-json\/wp\/v2\/pages\/5\/revisions"}],"predecessor-version":[{"id":425,"href":"https:\/\/www.diflex.se\/inbjudan\/wp-json\/wp\/v2\/pages\/5\/revisions\/425"}],"wp:attachment":[{"href":"https:\/\/www.diflex.se\/inbjudan\/wp-json\/wp\/v2\/media?parent=5"}],"curies":[{"name":"wp","href":"https:\/\/api.w.org\/{rel}","templated":true}]}}